{"id":57,"date":"2021-08-17T09:41:15","date_gmt":"2021-08-17T09:41:15","guid":{"rendered":"https:\/\/n2com.com\/?page_id=57"},"modified":"2021-12-14T10:15:49","modified_gmt":"2021-12-14T10:15:49","slug":"blog","status":"publish","type":"page","link":"https:\/\/n2com.com\/nl\/blog\/","title":{"rendered":"Blog"},"content":{"rendered":"<div data-elementor-type=\"wp-page\" data-elementor-id=\"57\" class=\"elementor elementor-57\">\n\t\t\t\t\t\t<section class=\"has_ae_slider elementor-section elementor-top-section elementor-element elementor-element-7fb04c5 elementor-section-boxed elementor-section-height-default elementor-section-height-default ae-bg-gallery-type-default\" data-id=\"7fb04c5\" data-element_type=\"section\" data-e-type=\"section\">\n\t\t\t\t\t\t<div class=\"elementor-container elementor-column-gap-default\">\n\t\t\t\t\t<div class=\"has_ae_slider elementor-column elementor-col-100 elementor-top-column elementor-element elementor-element-8432aba ae-bg-gallery-type-default\" data-id=\"8432aba\" data-element_type=\"column\" data-e-type=\"column\">\n\t\t\t<div class=\"elementor-widget-wrap elementor-element-populated\">\n\t\t\t\t\t\t<div class=\"elementor-element elementor-element-eec0565 elementor-widget elementor-widget-heading\" data-id=\"eec0565\" data-element_type=\"widget\" data-e-type=\"widget\" data-widget_type=\"heading.default\">\n\t\t\t\t<div class=\"elementor-widget-container\">\n\t\t\t\t\t<h1 class=\"elementor-heading-title elementor-size-default\">Wij houden u op de hoogte<\/h1>\t\t\t\t<\/div>\n\t\t\t\t<\/div>\n\t\t\t\t\t<\/div>\n\t\t<\/div>\n\t\t\t\t\t<\/div>\n\t\t<\/section>\n\t\t\t\t<section class=\"has_ae_slider elementor-section elementor-top-section elementor-element elementor-element-e73e49d elementor-section-boxed elementor-section-height-default elementor-section-height-default ae-bg-gallery-type-default\" data-id=\"e73e49d\" data-element_type=\"section\" data-e-type=\"section\" id=\"main\">\n\t\t\t\t\t\t<div class=\"elementor-container elementor-column-gap-default\">\n\t\t\t\t\t<div class=\"has_ae_slider elementor-column elementor-col-100 elementor-top-column elementor-element elementor-element-75ced13 ae-bg-gallery-type-default\" data-id=\"75ced13\" data-element_type=\"column\" data-e-type=\"column\">\n\t\t\t<div class=\"elementor-widget-wrap elementor-element-populated\">\n\t\t\t\t\t\t<div class=\"search-filter-results-917 elementor-element elementor-element-0ada783 elementor-grid-4 elementor-grid-mobile-2 elementor-grid-tablet-2 elementor-posts--thumbnail-top elementor-card-shadow-yes elementor-posts__hover-gradient elementor-widget elementor-widget-posts\" data-id=\"0ada783\" data-element_type=\"widget\" data-e-type=\"widget\" data-settings=\"{&quot;cards_columns&quot;:&quot;4&quot;,&quot;cards_columns_mobile&quot;:&quot;2&quot;,&quot;cards_row_gap&quot;:{&quot;unit&quot;:&quot;px&quot;,&quot;size&quot;:30,&quot;sizes&quot;:[]},&quot;cards_columns_tablet&quot;:&quot;2&quot;,&quot;cards_row_gap_tablet&quot;:{&quot;unit&quot;:&quot;px&quot;,&quot;size&quot;:&quot;&quot;,&quot;sizes&quot;:[]},&quot;cards_row_gap_mobile&quot;:{&quot;unit&quot;:&quot;px&quot;,&quot;size&quot;:&quot;&quot;,&quot;sizes&quot;:[]}}\" data-widget_type=\"posts.cards\">\n\t\t\t\t<div class=\"elementor-widget-container\">\n\t\t\t\t\t\t\t<div class=\"elementor-posts-container elementor-posts elementor-posts--skin-cards elementor-grid\">\n\t\t\t\t<article class=\"elementor-post elementor-grid-item post-1549 post type-post status-publish format-standard has-post-thumbnail hentry category-babyboom\">\n\t\t\t<div class=\"elementor-post__card\">\n\t\t\t\t<a class=\"elementor-post__thumbnail__link\" href=\"https:\/\/n2com.com\/nl\/aftermovie-babyboom-2021\/\" ><div class=\"elementor-post__thumbnail\"><img fetchpriority=\"high\" decoding=\"async\" width=\"2560\" height=\"1440\" src=\"data:image\/gif;base64,R0lGODlhAQABAIAAAAAAAP\/\/\/yH5BAEAAAAALAAAAAABAAEAAAIBRAA7\" data-src=\"https:\/\/n2com.com\/wp-content\/uploads\/2021\/12\/Babyboom_11-scaled.jpg\" class=\"attachment-full size-full wp-image-1554 lazyload\" alt=\"\" data-srcset=\"https:\/\/n2com.com\/wp-content\/uploads\/2021\/12\/Babyboom_11-scaled.jpg 2560w, https:\/\/n2com.com\/wp-content\/uploads\/2021\/12\/Babyboom_11-300x169.jpg 300w, https:\/\/n2com.com\/wp-content\/uploads\/2021\/12\/Babyboom_11-1024x576.jpg 1024w, https:\/\/n2com.com\/wp-content\/uploads\/2021\/12\/Babyboom_11-768x432.jpg 768w, https:\/\/n2com.com\/wp-content\/uploads\/2021\/12\/Babyboom_11-1536x864.jpg 1536w, https:\/\/n2com.com\/wp-content\/uploads\/2021\/12\/Babyboom_11-2048x1152.jpg 2048w, https:\/\/n2com.com\/wp-content\/uploads\/2021\/12\/Babyboom_11-18x10.jpg 18w\" sizes=\"(max-width: 2560px) 100vw, 2560px\" \/><noscript><img decoding=\"async\" width=\"2560\" height=\"1440\" src=\"https:\/\/n2com.com\/wp-content\/uploads\/2021\/12\/Babyboom_11-scaled.jpg\" class=\"attachment-full size-full wp-image-1554 lazyload\" alt=\"\" srcset=\"https:\/\/n2com.com\/wp-content\/uploads\/2021\/12\/Babyboom_11-scaled.jpg 2560w, https:\/\/n2com.com\/wp-content\/uploads\/2021\/12\/Babyboom_11-300x169.jpg 300w, https:\/\/n2com.com\/wp-content\/uploads\/2021\/12\/Babyboom_11-1024x576.jpg 1024w, https:\/\/n2com.com\/wp-content\/uploads\/2021\/12\/Babyboom_11-768x432.jpg 768w, https:\/\/n2com.com\/wp-content\/uploads\/2021\/12\/Babyboom_11-1536x864.jpg 1536w, https:\/\/n2com.com\/wp-content\/uploads\/2021\/12\/Babyboom_11-2048x1152.jpg 2048w, https:\/\/n2com.com\/wp-content\/uploads\/2021\/12\/Babyboom_11-18x10.jpg 18w\" sizes=\"(max-width: 2560px) 100vw, 2560px\" \/><\/noscript><\/div><\/a>\n\t\t\t\t<div class=\"elementor-post__badge\">Babyboom<\/div>\n\t\t\t\t<div class=\"elementor-post__text\">\n\t\t\t\t<h3 class=\"elementor-post__title\">\n\t\t\t<a href=\"https:\/\/n2com.com\/nl\/aftermovie-babyboom-2021\/\" >\n\t\t\t\tAftermovie Babyboom Beurs 2021\t\t\t<\/a>\n\t\t<\/h3>\n\t\t\t\t<div class=\"elementor-post__excerpt\">\n\t\t\t<p>Souvenirs d&rsquo;un beau moment<\/p>\n\t\t<\/div>\n\t\t\t\t<\/div>\n\t\t\t\t\t<\/div>\n\t\t<\/article>\n\t\t\t\t<article class=\"elementor-post elementor-grid-item post-1489 post type-post status-publish format-standard has-post-thumbnail hentry category-babyboom\">\n\t\t\t<div class=\"elementor-post__card\">\n\t\t\t\t<a class=\"elementor-post__thumbnail__link\" href=\"https:\/\/n2com.com\/nl\/croitre-base-consommateur\/\" ><div class=\"elementor-post__thumbnail\"><img decoding=\"async\" width=\"2560\" height=\"1760\" src=\"data:image\/gif;base64,R0lGODlhAQABAIAAAAAAAP\/\/\/yH5BAEAAAAALAAAAAABAAEAAAIBRAA7\" data-src=\"https:\/\/n2com.com\/wp-content\/uploads\/2021\/12\/noukies-image-scaled.jpg\" class=\"attachment-full size-full wp-image-1490 lazyload\" alt=\"\" data-srcset=\"https:\/\/n2com.com\/wp-content\/uploads\/2021\/12\/noukies-image-scaled.jpg 2560w, https:\/\/n2com.com\/wp-content\/uploads\/2021\/12\/noukies-image-300x206.jpg 300w, https:\/\/n2com.com\/wp-content\/uploads\/2021\/12\/noukies-image-1024x704.jpg 1024w, https:\/\/n2com.com\/wp-content\/uploads\/2021\/12\/noukies-image-768x528.jpg 768w, https:\/\/n2com.com\/wp-content\/uploads\/2021\/12\/noukies-image-1536x1056.jpg 1536w, https:\/\/n2com.com\/wp-content\/uploads\/2021\/12\/noukies-image-2048x1408.jpg 2048w, https:\/\/n2com.com\/wp-content\/uploads\/2021\/12\/noukies-image-18x12.jpg 18w\" sizes=\"(max-width: 2560px) 100vw, 2560px\" \/><noscript><img loading=\"lazy\" decoding=\"async\" width=\"2560\" height=\"1760\" src=\"https:\/\/n2com.com\/wp-content\/uploads\/2021\/12\/noukies-image-scaled.jpg\" class=\"attachment-full size-full wp-image-1490 lazyload\" alt=\"\" srcset=\"https:\/\/n2com.com\/wp-content\/uploads\/2021\/12\/noukies-image-scaled.jpg 2560w, https:\/\/n2com.com\/wp-content\/uploads\/2021\/12\/noukies-image-300x206.jpg 300w, https:\/\/n2com.com\/wp-content\/uploads\/2021\/12\/noukies-image-1024x704.jpg 1024w, https:\/\/n2com.com\/wp-content\/uploads\/2021\/12\/noukies-image-768x528.jpg 768w, https:\/\/n2com.com\/wp-content\/uploads\/2021\/12\/noukies-image-1536x1056.jpg 1536w, https:\/\/n2com.com\/wp-content\/uploads\/2021\/12\/noukies-image-2048x1408.jpg 2048w, https:\/\/n2com.com\/wp-content\/uploads\/2021\/12\/noukies-image-18x12.jpg 18w\" sizes=\"(max-width: 2560px) 100vw, 2560px\" \/><\/noscript><\/div><\/a>\n\t\t\t\t<div class=\"elementor-post__badge\">Babyboom<\/div>\n\t\t\t\t<div class=\"elementor-post__text\">\n\t\t\t\t<h3 class=\"elementor-post__title\">\n\t\t\t<a href=\"https:\/\/n2com.com\/nl\/croitre-base-consommateur\/\" >\n\t\t\t\tHoe kunt u uw actieve consumentenbasis laten groeien?\t\t\t<\/a>\n\t\t<\/h3>\n\t\t\t\t<div class=\"elementor-post__excerpt\">\n\t\t\t<p>Offrez-leur un pyjama Noukie\u2019s !<\/p>\n\t\t<\/div>\n\t\t\t\t<\/div>\n\t\t\t\t\t<\/div>\n\t\t<\/article>\n\t\t\t\t<article class=\"elementor-post elementor-grid-item post-165 post type-post status-publish format-standard has-post-thumbnail hentry category-babyboom\">\n\t\t\t<div class=\"elementor-post__card\">\n\t\t\t\t<a class=\"elementor-post__thumbnail__link\" href=\"https:\/\/n2com.com\/nl\/titre-test\/\" ><div class=\"elementor-post__thumbnail\"><img loading=\"lazy\" decoding=\"async\" width=\"960\" height=\"960\" src=\"data:image\/gif;base64,R0lGODlhAQABAIAAAAAAAP\/\/\/yH5BAEAAAAALAAAAAABAAEAAAIBRAA7\" data-src=\"https:\/\/n2com.com\/wp-content\/uploads\/2021\/08\/49864156_288906721799692_3585845200175497216_o.jpeg\" class=\"attachment-full size-full wp-image-1406 lazyload\" alt=\"\" data-srcset=\"https:\/\/n2com.com\/wp-content\/uploads\/2021\/08\/49864156_288906721799692_3585845200175497216_o.jpeg 960w, https:\/\/n2com.com\/wp-content\/uploads\/2021\/08\/49864156_288906721799692_3585845200175497216_o-300x300.jpeg 300w, https:\/\/n2com.com\/wp-content\/uploads\/2021\/08\/49864156_288906721799692_3585845200175497216_o-150x150.jpeg 150w, https:\/\/n2com.com\/wp-content\/uploads\/2021\/08\/49864156_288906721799692_3585845200175497216_o-768x768.jpeg 768w, https:\/\/n2com.com\/wp-content\/uploads\/2021\/08\/49864156_288906721799692_3585845200175497216_o-12x12.jpeg 12w\" sizes=\"(max-width: 960px) 100vw, 960px\" \/><noscript><img loading=\"lazy\" decoding=\"async\" width=\"960\" height=\"960\" src=\"https:\/\/n2com.com\/wp-content\/uploads\/2021\/08\/49864156_288906721799692_3585845200175497216_o.jpeg\" class=\"attachment-full size-full wp-image-1406 lazyload\" alt=\"\" srcset=\"https:\/\/n2com.com\/wp-content\/uploads\/2021\/08\/49864156_288906721799692_3585845200175497216_o.jpeg 960w, https:\/\/n2com.com\/wp-content\/uploads\/2021\/08\/49864156_288906721799692_3585845200175497216_o-300x300.jpeg 300w, https:\/\/n2com.com\/wp-content\/uploads\/2021\/08\/49864156_288906721799692_3585845200175497216_o-150x150.jpeg 150w, https:\/\/n2com.com\/wp-content\/uploads\/2021\/08\/49864156_288906721799692_3585845200175497216_o-768x768.jpeg 768w, https:\/\/n2com.com\/wp-content\/uploads\/2021\/08\/49864156_288906721799692_3585845200175497216_o-12x12.jpeg 12w\" sizes=\"(max-width: 960px) 100vw, 960px\" \/><\/noscript><\/div><\/a>\n\t\t\t\t<div class=\"elementor-post__badge\">Babyboom<\/div>\n\t\t\t\t<div class=\"elementor-post__text\">\n\t\t\t\t<h3 class=\"elementor-post__title\">\n\t\t\t<a href=\"https:\/\/n2com.com\/nl\/titre-test\/\" >\n\t\t\t\tBABYBOOM! DE BABYBEURS IS TERUG IN BRUSSEL\t\t\t<\/a>\n\t\t<\/h3>\n\t\t\t\t<div class=\"elementor-post__excerpt\">\n\t\t\t<p>Bereid je je voor op de mooiste dag van je leven, de geboorte van je kleine wonder? <\/p>\n\t\t<\/div>\n\t\t\t\t<\/div>\n\t\t\t\t\t<\/div>\n\t\t<\/article>\n\t\t\t\t<\/div>\n\t\t\n\t\t\t\t\t\t<\/div>\n\t\t\t\t<\/div>\n\t\t\t\t\t<\/div>\n\t\t<\/div>\n\t\t\t\t\t<\/div>\n\t\t<\/section>\n\t\t\t\t<\/div>","protected":false},"excerpt":{"rendered":"<p>Vous tenir inform\u00e9 Tous Babyboom Dieteo<\/p>","protected":false},"author":1,"featured_media":0,"parent":0,"menu_order":0,"comment_status":"closed","ping_status":"closed","template":"elementor_header_footer","meta":{"footnotes":""},"class_list":["post-57","page","type-page","status-publish","hentry"],"yoast_head":"<!-- This site is optimized with the Yoast SEO plugin v27.4 - https:\/\/yoast.com\/product\/yoast-seo-wordpress\/ -->\n<title>N2COM - Articles babyboom et diet\u00e9tique<\/title>\n<meta name=\"description\" content=\"Acc\u00e8s Direct au marketing. Nous contactons le consommateur \u00e0 un moment cl\u00e9 de changement du comportement d\u2019achat.\" \/>\n<meta name=\"robots\" content=\"index, follow, max-snippet:-1, max-image-preview:large, max-video-preview:-1\" \/>\n<link rel=\"canonical\" href=\"https:\/\/n2com.com\/nl\/blog\/\" \/>\n<meta property=\"og:locale\" content=\"nl_NL\" \/>\n<meta property=\"og:type\" content=\"article\" \/>\n<meta property=\"og:title\" content=\"N2COM - Articles babyboom et diet\u00e9tique\" \/>\n<meta property=\"og:description\" content=\"Acc\u00e8s Direct au marketing. Nous contactons le consommateur \u00e0 un moment cl\u00e9 de changement du comportement d\u2019achat.\" \/>\n<meta property=\"og:url\" content=\"https:\/\/n2com.com\/nl\/blog\/\" \/>\n<meta property=\"og:site_name\" content=\"N2COM\" \/>\n<meta property=\"article:modified_time\" content=\"2021-12-14T10:15:49+00:00\" \/>\n<meta name=\"twitter:card\" content=\"summary_large_image\" \/>\n<meta name=\"twitter:label1\" content=\"Geschatte leestijd\" \/>\n\t<meta name=\"twitter:data1\" content=\"1 minuut\" \/>\n<script type=\"application\/ld+json\" class=\"yoast-schema-graph\">{\"@context\":\"https:\\\/\\\/schema.org\",\"@graph\":[{\"@type\":\"WebPage\",\"@id\":\"https:\\\/\\\/n2com.com\\\/en\\\/blog\\\/\",\"url\":\"https:\\\/\\\/n2com.com\\\/en\\\/blog\\\/\",\"name\":\"N2COM - Articles babyboom et diet\u00e9tique\",\"isPartOf\":{\"@id\":\"https:\\\/\\\/n2com.com\\\/#website\"},\"datePublished\":\"2021-08-17T09:41:15+00:00\",\"dateModified\":\"2021-12-14T10:15:49+00:00\",\"description\":\"Acc\u00e8s Direct au marketing. Nous contactons le consommateur \u00e0 un moment cl\u00e9 de changement du comportement d\u2019achat.\",\"breadcrumb\":{\"@id\":\"https:\\\/\\\/n2com.com\\\/en\\\/blog\\\/#breadcrumb\"},\"inLanguage\":\"nl-NL\",\"potentialAction\":[{\"@type\":\"ReadAction\",\"target\":[\"https:\\\/\\\/n2com.com\\\/en\\\/blog\\\/\"]}]},{\"@type\":\"BreadcrumbList\",\"@id\":\"https:\\\/\\\/n2com.com\\\/en\\\/blog\\\/#breadcrumb\",\"itemListElement\":[{\"@type\":\"ListItem\",\"position\":1,\"name\":\"Home\",\"item\":\"https:\\\/\\\/n2com.com\\\/\"},{\"@type\":\"ListItem\",\"position\":2,\"name\":\"Blog\"}]},{\"@type\":\"WebSite\",\"@id\":\"https:\\\/\\\/n2com.com\\\/#website\",\"url\":\"https:\\\/\\\/n2com.com\\\/\",\"name\":\"N2COM\",\"description\":\"Acc\u00e8s Direct au marketing: Babyboom et Dieteo\",\"publisher\":{\"@id\":\"https:\\\/\\\/n2com.com\\\/#organization\"},\"potentialAction\":[{\"@type\":\"SearchAction\",\"target\":{\"@type\":\"EntryPoint\",\"urlTemplate\":\"https:\\\/\\\/n2com.com\\\/?s={search_term_string}\"},\"query-input\":{\"@type\":\"PropertyValueSpecification\",\"valueRequired\":true,\"valueName\":\"search_term_string\"}}],\"inLanguage\":\"nl-NL\"},{\"@type\":\"Organization\",\"@id\":\"https:\\\/\\\/n2com.com\\\/#organization\",\"name\":\"N2COM\",\"url\":\"https:\\\/\\\/n2com.com\\\/\",\"logo\":{\"@type\":\"ImageObject\",\"inLanguage\":\"nl-NL\",\"@id\":\"https:\\\/\\\/n2com.com\\\/#\\\/schema\\\/logo\\\/image\\\/\",\"url\":\"http:\\\/\\\/n2com.com\\\/wp-content\\\/uploads\\\/2021\\\/08\\\/logo-N2com-1.png\",\"contentUrl\":\"http:\\\/\\\/n2com.com\\\/wp-content\\\/uploads\\\/2021\\\/08\\\/logo-N2com-1.png\",\"width\":1661,\"height\":1244,\"caption\":\"N2COM\"},\"image\":{\"@id\":\"https:\\\/\\\/n2com.com\\\/#\\\/schema\\\/logo\\\/image\\\/\"}}]}<\/script>\n<!-- \/ Yoast SEO plugin. -->","yoast_head_json":{"title":"N2COM - Articles babyboom et diet\u00e9tique","description":"Acc\u00e8s Direct au marketing. Nous contactons le consommateur \u00e0 un moment cl\u00e9 de changement du comportement d\u2019achat.","robots":{"index":"index","follow":"follow","max-snippet":"max-snippet:-1","max-image-preview":"max-image-preview:large","max-video-preview":"max-video-preview:-1"},"canonical":"https:\/\/n2com.com\/nl\/blog\/","og_locale":"nl_NL","og_type":"article","og_title":"N2COM - Articles babyboom et diet\u00e9tique","og_description":"Acc\u00e8s Direct au marketing. Nous contactons le consommateur \u00e0 un moment cl\u00e9 de changement du comportement d\u2019achat.","og_url":"https:\/\/n2com.com\/nl\/blog\/","og_site_name":"N2COM","article_modified_time":"2021-12-14T10:15:49+00:00","twitter_card":"summary_large_image","twitter_misc":{"Geschatte leestijd":"1 minuut"},"schema":{"@context":"https:\/\/schema.org","@graph":[{"@type":"WebPage","@id":"https:\/\/n2com.com\/en\/blog\/","url":"https:\/\/n2com.com\/en\/blog\/","name":"N2COM - Articles babyboom et diet\u00e9tique","isPartOf":{"@id":"https:\/\/n2com.com\/#website"},"datePublished":"2021-08-17T09:41:15+00:00","dateModified":"2021-12-14T10:15:49+00:00","description":"Acc\u00e8s Direct au marketing. Nous contactons le consommateur \u00e0 un moment cl\u00e9 de changement du comportement d\u2019achat.","breadcrumb":{"@id":"https:\/\/n2com.com\/en\/blog\/#breadcrumb"},"inLanguage":"nl-NL","potentialAction":[{"@type":"ReadAction","target":["https:\/\/n2com.com\/en\/blog\/"]}]},{"@type":"BreadcrumbList","@id":"https:\/\/n2com.com\/en\/blog\/#breadcrumb","itemListElement":[{"@type":"ListItem","position":1,"name":"Home","item":"https:\/\/n2com.com\/"},{"@type":"ListItem","position":2,"name":"Blog"}]},{"@type":"WebSite","@id":"https:\/\/n2com.com\/#website","url":"https:\/\/n2com.com\/","name":"N2COM","description":"Acc\u00e8s Direct au marketing: Babyboom et Dieteo","publisher":{"@id":"https:\/\/n2com.com\/#organization"},"potentialAction":[{"@type":"SearchAction","target":{"@type":"EntryPoint","urlTemplate":"https:\/\/n2com.com\/?s={search_term_string}"},"query-input":{"@type":"PropertyValueSpecification","valueRequired":true,"valueName":"search_term_string"}}],"inLanguage":"nl-NL"},{"@type":"Organization","@id":"https:\/\/n2com.com\/#organization","name":"N2COM","url":"https:\/\/n2com.com\/","logo":{"@type":"ImageObject","inLanguage":"nl-NL","@id":"https:\/\/n2com.com\/#\/schema\/logo\/image\/","url":"http:\/\/n2com.com\/wp-content\/uploads\/2021\/08\/logo-N2com-1.png","contentUrl":"http:\/\/n2com.com\/wp-content\/uploads\/2021\/08\/logo-N2com-1.png","width":1661,"height":1244,"caption":"N2COM"},"image":{"@id":"https:\/\/n2com.com\/#\/schema\/logo\/image\/"}}]}},"_links":{"self":[{"href":"https:\/\/n2com.com\/nl\/wp-json\/wp\/v2\/pages\/57","targetHints":{"allow":["GET"]}}],"collection":[{"href":"https:\/\/n2com.com\/nl\/wp-json\/wp\/v2\/pages"}],"about":[{"href":"https:\/\/n2com.com\/nl\/wp-json\/wp\/v2\/types\/page"}],"author":[{"embeddable":true,"href":"https:\/\/n2com.com\/nl\/wp-json\/wp\/v2\/users\/1"}],"replies":[{"embeddable":true,"href":"https:\/\/n2com.com\/nl\/wp-json\/wp\/v2\/comments?post=57"}],"version-history":[{"count":146,"href":"https:\/\/n2com.com\/nl\/wp-json\/wp\/v2\/pages\/57\/revisions"}],"predecessor-version":[{"id":1470,"href":"https:\/\/n2com.com\/nl\/wp-json\/wp\/v2\/pages\/57\/revisions\/1470"}],"wp:attachment":[{"href":"https:\/\/n2com.com\/nl\/wp-json\/wp\/v2\/media?parent=57"}],"curies":[{"name":"wp","href":"https:\/\/api.w.org\/{rel}","templated":true}]}}