{"id":1440,"date":"2021-12-13T17:35:41","date_gmt":"2021-12-13T17:35:41","guid":{"rendered":"https:\/\/n2com.com\/?page_id=1440"},"modified":"2021-12-13T17:39:04","modified_gmt":"2021-12-13T17:39:04","slug":"politique_confidentialite","status":"publish","type":"page","link":"https:\/\/n2com.com\/nl\/politique_confidentialite\/","title":{"rendered":"VERTROUWELIJKHEIDSVERKLARING VAN N2COM NV"},"content":{"rendered":"<div data-elementor-type=\"wp-page\" data-elementor-id=\"1440\" class=\"elementor elementor-1440\">\n\t\t\t\t\t\t<section class=\"has_ae_slider elementor-section elementor-top-section elementor-element elementor-element-741721c elementor-section-boxed elementor-section-height-default elementor-section-height-default ae-bg-gallery-type-default\" data-id=\"741721c\" data-element_type=\"section\" data-e-type=\"section\">\n\t\t\t\t\t\t<div class=\"elementor-container elementor-column-gap-default\">\n\t\t\t\t\t<div class=\"has_ae_slider elementor-column elementor-col-100 elementor-top-column elementor-element elementor-element-4eb8e69 ae-bg-gallery-type-default\" data-id=\"4eb8e69\" data-element_type=\"column\" data-e-type=\"column\">\n\t\t\t<div class=\"elementor-widget-wrap elementor-element-populated\">\n\t\t\t\t\t\t<div class=\"elementor-element elementor-element-87f4616 elementor-widget elementor-widget-heading\" data-id=\"87f4616\" data-element_type=\"widget\" data-e-type=\"widget\" data-widget_type=\"heading.default\">\n\t\t\t\t<div class=\"elementor-widget-container\">\n\t\t\t\t\t<h2 class=\"elementor-heading-title elementor-size-default\">VERTROUWELIJKHEIDSVERKLARING VAN N2COM NV<\/h2>\t\t\t\t<\/div>\n\t\t\t\t<\/div>\n\t\t\t\t<div class=\"elementor-element elementor-element-a3704a4 link elementor-widget elementor-widget-text-editor\" data-id=\"a3704a4\" data-element_type=\"widget\" data-e-type=\"widget\" data-widget_type=\"text-editor.default\">\n\t\t\t\t<div class=\"elementor-widget-container\">\n\t\t\t\t\t\t\t\t\t<p><strong>Respect voor uw privacy is belangrijk voor N2COM.<\/strong><\/p><p>Wanneer persoonlijke gegevens aangaande uw persoon worden verzameld, legt deze vertrouwelijksheidsverklaring (de \"Vertrouwelijkheidsverklaring\") uit welke persoonlijke informatie we verzamelen, op welke manier deze collectie wordt georganiseerd en welke verwerkingen hierop van toepassing zijn. Dit geeft ook duidelijke uitleg over uw recht op privacy en wij nodigen u uit om deze tekst met grote aandacht te lezen.<\/p><p>\u00a0<\/p><p><strong>VERWERKINGSBEHEERDER<\/strong><\/p><p>De persoonsgegevens worden verwerkt door het bedrijf N2COM nv, met hoofdkantoor in 1180 Brussel, Avenue Kersbeek 306 en de zakelijke nummer BE0423.125.777 (tel: + 32(0)2 534.40.88 \u2013 e-mailadres: info@n2com.com).\u00a0<a href=\"mailto:info@n2com.com\">info@n2com.com<\/a><u>)<\/u>.<\/p><p>Deze Vertrouwelijkheidsverklaring is van toepassing op de website die wordt beheerd door het bedrijf, alsook elk ander document dat door ons gebruikt kan worden om persoonlijke gegevens over u verzamelen.<\/p><p>\u00a0<\/p><p><strong>VERWERKING VAN PERSOONSGEGEVENS<\/strong><\/p><p>Door het aanvaarden van deze Vertrouwelijkheidsverklaring, geeft u uitdrukkelijk uw goedkeuring dat we persoonlijke gegevens over u verzamelen en verwerken, zoals in meer detail beschreven.<\/p><p>\u00a0<\/p><p>De door u verstrekte persoonsgegevens worden verzameld en verwerkt in overeenstemming met de wetgeving op de bescherming van de persoonlijke levenssfeer en met name de Belgische wet van 8 december 1992 betreffende de bescherming van de persoonlijke levenssfeer in de verwerking van persoonsgegevens en de Algemene Verordening Gegevensbescherming van de Europese Unie (AVG) van 27 april 2017, van toepassing vanaf 25 mei 2018 (hierna de \"Wetgeving ter bescherming van persoonsgegevens\").<\/p><p>\u00a0<\/p><p><strong>METHODEN VOOR HET VERZAMELEN VAN PERSOONLIJKE GEGEVENS<\/strong><\/p><p>Persoonlijke gegevens aangaande uw persoon worden door ons verzameld wanneer u een contactformulier via onze website invult, wanneer u ons uw contactgegevens verstrekt tijdens een ontmoeting, wanneer u zich abonneert op onze nieuwsbrief of wanneer u ons uw gegevens stuurt in een e-mail.<\/p><p>\u00a0<\/p><p><strong>WAT ZIJN DE PERSOONSGEGEVENS DIE WE VERZAMELEN?<\/strong><\/p><p>We verwerken uw naam, adres, telefoon, beroep, sociale netwerkaccounts en e-mailadres dat u ons spontaan meedeelt.<\/p><p>Wanneer u onze website bezoekt, registreren wij ook uw IP-adres, browser en besturingssysteem, de externe website die u naar de onze heeft verwezen, de pagina's die u op onze website bezoekt, evenals de datum en de tijd die u besteedde aan elk van de bekeken pagina's. Deze informatie wordt uitsluitend verzameld voor statistische doeleinden en om onze website te verbeteren. Deze gegevens kunnen worden gebruikt om u te identificeren.<\/p><p><strong>\u00a0<\/strong><\/p><p><strong>DOELSTELLINGEN VAN DE INZAMELING VAN PERSOONSGEGEVENS<\/strong><\/p><ol><li class=\"translation-block\">1. Behandeling vereist om een contract uit te voeren\nWij gebruiken de persoonlijke gegevens die u ons verstrekt om de correcte uitvoering en bewaking van de contractuele verplichtingen te verzekeren die u aan N2COM SA\/NV hebt toevertrouwd.<\/li><li class=\"translation-block\">2. Behandeling op basis van een legitiem belang van N2COM\nTenzij u bezwaar maakt tegen of verzaakt aan onze nieuwsbrieven, gebruiken wij uw persoonlijke gegevens om u e-mails te sturen om u zakelijke voorstellen of strategische gedachten over uw interesse in het aangaan van een overeenkomst met het bedrijf N2COM SA\/NV te sturen. Tenzij u zich afmeldt, gebruiken wij uw persoonlijke gegevens ook om u nieuwsbrieven te sturen over de nieuwste ontwikkelingen in de markt, nieuws op N2COM of relevante informatie over onze sectoren van activiteit die u mogelijk interesseren<\/li><\/ol><p><strong>\u00a0<\/strong><\/p><p><strong>PARTIJEN DIE TOEGANG HEBBEN TOT PERSOONSGEGEVENS<\/strong><\/p><p>Uw persoonlijke gegevens worden nooit verkocht of doorgegeven aan derden voor commerci\u00eble doeleinden.<\/p><p>De verwerking van uw persoonlijke gegevens voor het beheer van registraties en het verzenden van e-mails of nieuwsbrieven is geautomatiseerd en beveiligd via software van een externe partij die alle garanties biedt voor de verwerking van uw gegevens respecteer de Privacyverklaring, zorg voor de bescherming van uw rechten. Bovendien garanderen wij dat de gebruikte software-uitgevers volledig voldoen aan de AVG van 25 mei 2018.<\/p><p>\u00a0<\/p><p><strong>WAT IS DE PERIODE VAN HET BEWAREN VAN UW GEGEVENS?<\/strong><\/p><p>Uw persoonlijke gegevens worden niet langer bewaard dan nodig is. Dit betekent dat ze uit onze bestanden worden verwijderd en dat u geen informatie meer van ons ontvangt wanneer:<\/p><ol><li>1.\tZe niet langer noodzakelijk zijn voor de uitvoering van ons contract en onze verplichtingen op dit gebied.<\/li><li>2.\tU uw toestemming hebt ingetrokken of hebt aangegeven dat u uw persoonlijke gegevens wilt verwijderen, in gevallen waarin de verwerking van dergelijke gegevens uitsluitend op uw toestemming is gebaseerd.<\/li><li>3.\tWe ze niet moeten bewaren omwille van juridische redenen<\/li><\/ol><p>\u00a0<\/p><p><strong>RECHTEN VAN DE BETROKKEN PERSONEN<\/strong><\/p><p>U geniet van verschillende rechten die u kunt uitoefenen door contact met ons op te nemen via de hierboven vermelde contactgegevens.<\/p><ul><li>\u2022\tHet recht op toegang tot persoonlijke gegevens over u die door ons worden verwerkt, en het recht om onjuiste persoonsgegevens te corrigeren of het recht om ze te wissen, evenals het recht op verwerking van genoemde gegevens.<\/li><li>\u2022\tHet recht op overdraagbaarheid van uw persoonlijke gegevens, hetzij door u deze in een leesbaar formaat aan te bieden, of door deze rechtstreeks naar de door u aangewezen externe serviceprovider te verzenden.<\/li><li>\u2022\tHet recht om uw toestemming voor elke behandeling in te trekken en in het bijzonder het recht om bezwaar te maken tegen het gebruik van uw persoonlijke gegevens om u te abonneren op de nieuwsbrief en om u advertenties te sturen bij een nieuwe aanbieding of een diensten die u mogelijk interesseren<\/li><\/ul><p>\u00a0<\/p><p><strong>COMMUNICATIE MET DE TOEZICHTHOUDENDE AUTORITEIT<\/strong><\/p><p>U kunt klachten over de verwerking van uw persoonlijke gegevens door DIETEO indienen bij het College Bescherming Persoonsgegevens, rue de la Presse 35, 1000 Brussel \/ +32(0)2 274 48 00 \/ commissie@privacycommission.be \/ www.privacycommission.be.\u00a0<a href=\"mailto:commission@privacycommission.be\">commission@privacycommission.be<\/a>\u00a0\/\u00a0<a href=\"http:\/\/www.privacycommission.be\/\">www.privacycommission.be<\/a>.<\/p><p>\u200b<\/p><p><strong>WORD OP DE HOOGTE GEBRACHT VAN DE AANPASSINGEN VAN DEZE TEKST<\/strong><\/p><p>N2COM kan dit beleid van tijd tot tijd wijzigen, bijvoorbeeld als gevolg van marktontwikkelingen en nieuwe verwerkingsactiviteiten. We nodigen u daarom uit om altijd de laatste versie van dit beleid op onze website te raadplegen.<\/p><p>Uiteraard informeren wij u vooraf, via onze websites of andere gemeenschappelijke communicatiekanalen, over elke wijziging van de inhoud en vragen wij om uw voorafgaande toestemming voor onze (nieuwe) verwerkingsactiviteiten, indien we het vragen.<\/p><p>\u00a0<\/p>\t\t\t\t\t\t\t\t<\/div>\n\t\t\t\t<\/div>\n\t\t\t\t\t<\/div>\n\t\t<\/div>\n\t\t\t\t\t<\/div>\n\t\t<\/section>\n\t\t\t\t<\/div>","protected":false},"excerpt":{"rendered":"<p>POLITIQUE CONFIDENTIALITE N2COM sa Le respect de votre vie priv\u00e9e est important pour N2COM sa. Lorsque des donn\u00e9es \u00e0 caract\u00e8re personnel vous concernant sont collect\u00e9es, La pr\u00e9sente d\u00e9claration de confidentialit\u00e9 (ci-apr\u00e8s \u2018D\u00e9claration de confidentialit\u00e9\u2019) explique quelles sont les donn\u00e9es personnelles que nous collectons, de quelles mani\u00e8res cette collecte est organis\u00e9e et les traitements qui y [&hellip;]<\/p>\n","protected":false},"author":1,"featured_media":0,"parent":0,"menu_order":0,"comment_status":"closed","ping_status":"closed","template":"elementor_header_footer","meta":{"footnotes":""},"class_list":["post-1440","page","type-page","status-publish","hentry"],"yoast_head":"<!-- This site is optimized with the Yoast SEO plugin v27.5 - https:\/\/yoast.com\/product\/yoast-seo-wordpress\/ -->\n<title>POLITIQUE CONFIDENTIALITE N2COM sa - N2COM<\/title>\n<meta name=\"robots\" content=\"index, follow, max-snippet:-1, max-image-preview:large, max-video-preview:-1\" \/>\n<link rel=\"canonical\" href=\"https:\/\/n2com.com\/nl\/politique_confidentialite\/\" \/>\n<meta property=\"og:locale\" content=\"nl_NL\" \/>\n<meta property=\"og:type\" content=\"article\" \/>\n<meta property=\"og:title\" content=\"POLITIQUE CONFIDENTIALITE N2COM sa - N2COM\" \/>\n<meta property=\"og:description\" content=\"POLITIQUE CONFIDENTIALITE N2COM sa Le respect de votre vie priv\u00e9e est important pour N2COM sa. Lorsque des donn\u00e9es \u00e0 caract\u00e8re personnel vous concernant sont collect\u00e9es, La pr\u00e9sente d\u00e9claration de confidentialit\u00e9 (ci-apr\u00e8s \u2018D\u00e9claration de confidentialit\u00e9\u2019) explique quelles sont les donn\u00e9es personnelles que nous collectons, de quelles mani\u00e8res cette collecte est organis\u00e9e et les traitements qui y [&hellip;]\" \/>\n<meta property=\"og:url\" content=\"https:\/\/n2com.com\/nl\/politique_confidentialite\/\" \/>\n<meta property=\"og:site_name\" content=\"N2COM\" \/>\n<meta property=\"article:modified_time\" content=\"2021-12-13T17:39:04+00:00\" \/>\n<meta name=\"twitter:card\" content=\"summary_large_image\" \/>\n<meta name=\"twitter:label1\" content=\"Geschatte leestijd\" \/>\n\t<meta name=\"twitter:data1\" content=\"5 minuten\" \/>\n<script type=\"application\/ld+json\" class=\"yoast-schema-graph\">{\"@context\":\"https:\\\/\\\/schema.org\",\"@graph\":[{\"@type\":\"WebPage\",\"@id\":\"https:\\\/\\\/n2com.com\\\/politique_confidentialite\\\/\",\"url\":\"https:\\\/\\\/n2com.com\\\/politique_confidentialite\\\/\",\"name\":\"POLITIQUE CONFIDENTIALITE N2COM sa - N2COM\",\"isPartOf\":{\"@id\":\"https:\\\/\\\/n2com.com\\\/#website\"},\"datePublished\":\"2021-12-13T17:35:41+00:00\",\"dateModified\":\"2021-12-13T17:39:04+00:00\",\"breadcrumb\":{\"@id\":\"https:\\\/\\\/n2com.com\\\/politique_confidentialite\\\/#breadcrumb\"},\"inLanguage\":\"nl-NL\",\"potentialAction\":[{\"@type\":\"ReadAction\",\"target\":[\"https:\\\/\\\/n2com.com\\\/politique_confidentialite\\\/\"]}]},{\"@type\":\"BreadcrumbList\",\"@id\":\"https:\\\/\\\/n2com.com\\\/politique_confidentialite\\\/#breadcrumb\",\"itemListElement\":[{\"@type\":\"ListItem\",\"position\":1,\"name\":\"Home\",\"item\":\"https:\\\/\\\/n2com.com\\\/\"},{\"@type\":\"ListItem\",\"position\":2,\"name\":\"POLITIQUE CONFIDENTIALITE N2COM sa\"}]},{\"@type\":\"WebSite\",\"@id\":\"https:\\\/\\\/n2com.com\\\/#website\",\"url\":\"https:\\\/\\\/n2com.com\\\/\",\"name\":\"N2COM\",\"description\":\"Acc\u00e8s Direct au marketing: Babyboom et Dieteo\",\"publisher\":{\"@id\":\"https:\\\/\\\/n2com.com\\\/#organization\"},\"potentialAction\":[{\"@type\":\"SearchAction\",\"target\":{\"@type\":\"EntryPoint\",\"urlTemplate\":\"https:\\\/\\\/n2com.com\\\/?s={search_term_string}\"},\"query-input\":{\"@type\":\"PropertyValueSpecification\",\"valueRequired\":true,\"valueName\":\"search_term_string\"}}],\"inLanguage\":\"nl-NL\"},{\"@type\":\"Organization\",\"@id\":\"https:\\\/\\\/n2com.com\\\/#organization\",\"name\":\"N2COM\",\"url\":\"https:\\\/\\\/n2com.com\\\/\",\"logo\":{\"@type\":\"ImageObject\",\"inLanguage\":\"nl-NL\",\"@id\":\"https:\\\/\\\/n2com.com\\\/#\\\/schema\\\/logo\\\/image\\\/\",\"url\":\"http:\\\/\\\/n2com.com\\\/wp-content\\\/uploads\\\/2021\\\/08\\\/logo-N2com-1.png\",\"contentUrl\":\"http:\\\/\\\/n2com.com\\\/wp-content\\\/uploads\\\/2021\\\/08\\\/logo-N2com-1.png\",\"width\":1661,\"height\":1244,\"caption\":\"N2COM\"},\"image\":{\"@id\":\"https:\\\/\\\/n2com.com\\\/#\\\/schema\\\/logo\\\/image\\\/\"}}]}<\/script>\n<!-- \/ Yoast SEO plugin. -->","yoast_head_json":{"title":"POLITIQUE CONFIDENTIALITE N2COM sa - N2COM","robots":{"index":"index","follow":"follow","max-snippet":"max-snippet:-1","max-image-preview":"max-image-preview:large","max-video-preview":"max-video-preview:-1"},"canonical":"https:\/\/n2com.com\/nl\/politique_confidentialite\/","og_locale":"nl_NL","og_type":"article","og_title":"POLITIQUE CONFIDENTIALITE N2COM sa - N2COM","og_description":"POLITIQUE CONFIDENTIALITE N2COM sa Le respect de votre vie priv\u00e9e est important pour N2COM sa. Lorsque des donn\u00e9es \u00e0 caract\u00e8re personnel vous concernant sont collect\u00e9es, La pr\u00e9sente d\u00e9claration de confidentialit\u00e9 (ci-apr\u00e8s \u2018D\u00e9claration de confidentialit\u00e9\u2019) explique quelles sont les donn\u00e9es personnelles que nous collectons, de quelles mani\u00e8res cette collecte est organis\u00e9e et les traitements qui y [&hellip;]","og_url":"https:\/\/n2com.com\/nl\/politique_confidentialite\/","og_site_name":"N2COM","article_modified_time":"2021-12-13T17:39:04+00:00","twitter_card":"summary_large_image","twitter_misc":{"Geschatte leestijd":"5 minuten"},"schema":{"@context":"https:\/\/schema.org","@graph":[{"@type":"WebPage","@id":"https:\/\/n2com.com\/politique_confidentialite\/","url":"https:\/\/n2com.com\/politique_confidentialite\/","name":"POLITIQUE CONFIDENTIALITE N2COM sa - N2COM","isPartOf":{"@id":"https:\/\/n2com.com\/#website"},"datePublished":"2021-12-13T17:35:41+00:00","dateModified":"2021-12-13T17:39:04+00:00","breadcrumb":{"@id":"https:\/\/n2com.com\/politique_confidentialite\/#breadcrumb"},"inLanguage":"nl-NL","potentialAction":[{"@type":"ReadAction","target":["https:\/\/n2com.com\/politique_confidentialite\/"]}]},{"@type":"BreadcrumbList","@id":"https:\/\/n2com.com\/politique_confidentialite\/#breadcrumb","itemListElement":[{"@type":"ListItem","position":1,"name":"Home","item":"https:\/\/n2com.com\/"},{"@type":"ListItem","position":2,"name":"POLITIQUE CONFIDENTIALITE N2COM sa"}]},{"@type":"WebSite","@id":"https:\/\/n2com.com\/#website","url":"https:\/\/n2com.com\/","name":"N2COM","description":"Acc\u00e8s Direct au marketing: Babyboom et Dieteo","publisher":{"@id":"https:\/\/n2com.com\/#organization"},"potentialAction":[{"@type":"SearchAction","target":{"@type":"EntryPoint","urlTemplate":"https:\/\/n2com.com\/?s={search_term_string}"},"query-input":{"@type":"PropertyValueSpecification","valueRequired":true,"valueName":"search_term_string"}}],"inLanguage":"nl-NL"},{"@type":"Organization","@id":"https:\/\/n2com.com\/#organization","name":"N2COM","url":"https:\/\/n2com.com\/","logo":{"@type":"ImageObject","inLanguage":"nl-NL","@id":"https:\/\/n2com.com\/#\/schema\/logo\/image\/","url":"http:\/\/n2com.com\/wp-content\/uploads\/2021\/08\/logo-N2com-1.png","contentUrl":"http:\/\/n2com.com\/wp-content\/uploads\/2021\/08\/logo-N2com-1.png","width":1661,"height":1244,"caption":"N2COM"},"image":{"@id":"https:\/\/n2com.com\/#\/schema\/logo\/image\/"}}]}},"_links":{"self":[{"href":"https:\/\/n2com.com\/nl\/wp-json\/wp\/v2\/pages\/1440","targetHints":{"allow":["GET"]}}],"collection":[{"href":"https:\/\/n2com.com\/nl\/wp-json\/wp\/v2\/pages"}],"about":[{"href":"https:\/\/n2com.com\/nl\/wp-json\/wp\/v2\/types\/page"}],"author":[{"embeddable":true,"href":"https:\/\/n2com.com\/nl\/wp-json\/wp\/v2\/users\/1"}],"replies":[{"embeddable":true,"href":"https:\/\/n2com.com\/nl\/wp-json\/wp\/v2\/comments?post=1440"}],"version-history":[{"count":8,"href":"https:\/\/n2com.com\/nl\/wp-json\/wp\/v2\/pages\/1440\/revisions"}],"predecessor-version":[{"id":1449,"href":"https:\/\/n2com.com\/nl\/wp-json\/wp\/v2\/pages\/1440\/revisions\/1449"}],"wp:attachment":[{"href":"https:\/\/n2com.com\/nl\/wp-json\/wp\/v2\/media?parent=1440"}],"curies":[{"name":"wp","href":"https:\/\/api.w.org\/{rel}","templated":true}]}}